{"id":2,"date":"2020-05-11T10:36:05","date_gmt":"2020-05-11T10:36:05","guid":{"rendered":"https:\/\/www.sv-heckholzhausen.de\/?page_id=2"},"modified":"2021-05-15T13:11:06","modified_gmt":"2021-05-15T13:11:06","slug":"sample-page","status":"publish","type":"page","link":"https:\/\/www.sv-heckholzhausen.de\/","title":{"rendered":"Unser Verein"},"content":{"rendered":"\n<p><strong>Vereinsgeschichte<\/strong><\/p>\n\n\n\n<p>Der SV Heckholzhausen blickt auf eine lange Geschichte und Tradition zur\u00fcck. Schon vor der Gr\u00fcndung im Jahr 1928 wurden im Rathaussaal geturnt und in \u201eDen Birken\u201c Springparcours-Veranstaltungen vom ans\u00e4ssigen Reitverein durchgef\u00fchrt. Nach der Gr\u00fcndung des SV Heckholzhausen im Jahr 1928 wuchs der Verein stetig. In der Zeit von 1933 \u2013 1945 ruht die Vereinst\u00e4tigkeit. Aber schon in den 50er Jahren konnte der Verein mit einer zweiten Mannschaft, der Reservemannschaft, in den Spielbetrieb gehen. 1962 wurde dann die Sportanlage mit einem Rasenplatz, einer 100 m Laufbahn, 2 Sprunggruben und einer Rundumlaufbahn eingeweiht. In den 60er Jahren konnten zwei weitere Abteilungen ins Leben gerufen werden. Zum einen die Abteilung Tischtennis und im Jahr 1968 die erste Gruppe der Abteilung Gymnastik. Heute macht diese Abteilung einen gro\u00dfen Teil unseres Vereins aus und z\u00e4hlt mehrere Tanz- und Gymnastikgruppen. 1982 konnte dann das Vereinsheim dank tatkr\u00e4ftiger Unterst\u00fctzung vieler Heckholzh\u00e4user fertiggestellt werden. Noch heute wird darin gerne und viel gefeiert.<\/p>\n\n\n\n<p>Bis heute entwickelt sich der Verein immer wieder weiter und kann neue Sportangebote ins Leben rufen (Mini Atlantis, Hulahoop, Twirling, etc.). Dies w\u00e4re ohne den unerm\u00fcdlichen Einsatz von so vielen engagierten Vereinsmitgliedern, die aktiv zur Vereinsarbeit beitragen, nicht m\u00f6glich. Ein ganz gro\u00dfer Dank an ALLE!!!<\/p>\n\n\n\n<p><strong>Vorstand des SV Heckholzhausen<\/strong><\/p>\n\n\n\n<figure class=\"wp-block-table\"><table><tbody><tr><td>Name<\/td><td>Funktion<\/td><td>E-Mail-Adresse<\/td><\/tr><tr><td>Sascha Schmidt<\/td><td>Vorsitzender<\/td><td><a href=\"mailto:Sschmidt.apple@icloud.com\">Sschmidt.apple (at) icloud.com<\/a><\/td><\/tr><tr><td>Karsten V\u00f6lke<\/td><td>Kassierer<\/td><td><a href=\"about:blank\">k.voelke@t-online.de<\/a><\/td><\/tr><tr><td>Anna Monteiro da Silva<\/td><td>Schriftf\u00fchrerin, Kinderschutzbeauftragte<\/td><td><a href=\"about:blank\">Anna-da.silva@web.de<\/a><\/td><\/tr><tr><td>Kevin Wilfer<\/td><td>Leitung Jugendfu\u00dfball<\/td><td><a href=\"about:blank\">Kevin_wilfer@yahoo.de<\/a><\/td><\/tr><tr><td>Kevin Unkelbach<\/td><td>Abteilungsleiter Fu\u00dfball<\/td><td><a href=\"about:blank\">k.unkelbach@googlemail.com<\/a><\/td><\/tr><tr><td>Hannah Unkelbach<\/td><td>Abteilungsleiterin Gymnastik\/ Tanz<\/td><td><a href=\"about:blank\">Hannahsabrina.jung@gmail.com<\/a><\/td><\/tr><tr><td>Marco G\u00f6ltl<\/td><td>Abteilungsleiter Alte Herren<\/td><td><a href=\"about:blank\">Marco.goeltl@t-online.de<\/a><\/td><\/tr><tr><td>Sascha Hoffsteter<\/td><td>Abteilungsleiter Tischtennis<\/td><td><a href=\"about:blank\">s.hoffsteter@web.de<\/a><\/td><\/tr><tr><td>Bj\u00f6rn Blum<\/td><td>Spielausschuss<\/td><td><a href=\"about:blank\">Bjoern-blum@gmx.de<\/a><\/td><\/tr><tr><td>Thorsten Kolb<\/td><td>Spielausschuss<\/td><td><a href=\"about:blank\">Thorsten-kolb@web.de<\/a><\/td><\/tr><tr><td>Julian Dienst<\/td><td>Beisitzer Fu\u00dfball<\/td><td><a href=\"about:blank\">j.dienst@web.de<\/a><\/td><\/tr><tr><td>Victoria Saam<\/td><td>Beisitzerin Gymnastik\/ Tanz<\/td><td><a href=\"about:blank\">Victoria_saam@web.de<\/a><\/td><\/tr><tr><td>Sebastian Neuhof<\/td><td>Beisitzer Sponsoring\/ Marketing<\/td><td><a href=\"about:blank\">Basti_1984@gmx.net<\/a><\/td><\/tr><tr><td>Kerstin Kleemann<\/td><td>Beisitzerin Wirtschaftsausschuss<\/td><td><a href=\"about:blank\">Kerstin_behlmann@web.de<\/a><\/td><\/tr><tr><td>Anne Schmidt<\/td><td>Beisitzerin Wirtschaftsausschuss<\/td><td><a href=\"about:blank\">Schmidt_anne@t-online.de<\/a><\/td><\/tr><tr><td>Kim Wilfer<\/td><td>Beisitzerin Wirtschaftsausschuss<\/td><td><a href=\"about:blank\">Kim_wilfer@yahoo.de<\/a><\/td><\/tr><\/tbody><\/table><\/figure>\n","protected":false},"excerpt":{"rendered":"<p>Vereinsgeschichte Der SV Heckholzhausen blickt auf eine lange Geschichte und Tradition zur\u00fcck. Schon vor der Gr\u00fcndung im Jahr 1928 wurden&hellip;<\/p>\n","protected":false},"author":1,"featured_media":0,"parent":0,"menu_order":2,"comment_status":"closed","ping_status":"closed","template":"","meta":[],"_links":{"self":[{"href":"https:\/\/www.sv-heckholzhausen.de\/index.php\/wp-json\/wp\/v2\/pages\/2"}],"collection":[{"href":"https:\/\/www.sv-heckholzhausen.de\/index.php\/wp-json\/wp\/v2\/pages"}],"about":[{"href":"https:\/\/www.sv-heckholzhausen.de\/index.php\/wp-json\/wp\/v2\/types\/page"}],"author":[{"embeddable":true,"href":"https:\/\/www.sv-heckholzhausen.de\/index.php\/wp-json\/wp\/v2\/users\/1"}],"replies":[{"embeddable":true,"href":"https:\/\/www.sv-heckholzhausen.de\/index.php\/wp-json\/wp\/v2\/comments?post=2"}],"version-history":[{"count":10,"href":"https:\/\/www.sv-heckholzhausen.de\/index.php\/wp-json\/wp\/v2\/pages\/2\/revisions"}],"predecessor-version":[{"id":168,"href":"https:\/\/www.sv-heckholzhausen.de\/index.php\/wp-json\/wp\/v2\/pages\/2\/revisions\/168"}],"wp:attachment":[{"href":"https:\/\/www.sv-heckholzhausen.de\/index.php\/wp-json\/wp\/v2\/media?parent=2"}],"curies":[{"name":"wp","href":"https:\/\/api.w.org\/{rel}","templated":true}]}}